{"id":32,"date":"2019-01-12T14:45:10","date_gmt":"2019-01-12T13:45:10","guid":{"rendered":"http:\/\/pthal.fr\/?page_id=32"},"modified":"2024-03-10T09:17:23","modified_gmt":"2024-03-10T08:17:23","slug":"contact","status":"publish","type":"page","link":"https:\/\/pthal.fr\/index.php\/contact\/","title":{"rendered":"Contact"},"content":{"rendered":"<p>Localisation : 38660 LE TOUVET et 100km alentours.<\/p>\n<p><span style=\"color: #999999;\"><em>Je peux me d\u00e9placer plus loin en fonction de la localisation et du type de chantier, contactez-moi.<\/em><\/span><\/p>\n<p>T\u00e9l\u00e9phone : 06.77.80.40.76<\/p>\n<p>mail: <a href=\"mailto:Contact@pthal.fr\">Contact@pthal.fr<\/a><\/p>\n\n\n<p><\/p>\n","protected":false},"excerpt":{"rendered":"<p>Localisation : 38660 LE TOUVET et 100km alentours. Je peux me d\u00e9placer plus loin en fonction de la localisation et du type de chantier, contactez-moi. T\u00e9l\u00e9phone : 06.77.80.40.76 mail: Contact@pthal.fr<\/p>\n","protected":false},"author":1,"featured_media":0,"parent":0,"menu_order":0,"comment_status":"closed","ping_status":"closed","template":"","meta":{"footnotes":""},"class_list":["post-32","page","type-page","status-publish","hentry"],"_links":{"self":[{"href":"https:\/\/pthal.fr\/index.php\/wp-json\/wp\/v2\/pages\/32","targetHints":{"allow":["GET"]}}],"collection":[{"href":"https:\/\/pthal.fr\/index.php\/wp-json\/wp\/v2\/pages"}],"about":[{"href":"https:\/\/pthal.fr\/index.php\/wp-json\/wp\/v2\/types\/page"}],"author":[{"embeddable":true,"href":"https:\/\/pthal.fr\/index.php\/wp-json\/wp\/v2\/users\/1"}],"replies":[{"embeddable":true,"href":"https:\/\/pthal.fr\/index.php\/wp-json\/wp\/v2\/comments?post=32"}],"version-history":[{"count":9,"href":"https:\/\/pthal.fr\/index.php\/wp-json\/wp\/v2\/pages\/32\/revisions"}],"predecessor-version":[{"id":545,"href":"https:\/\/pthal.fr\/index.php\/wp-json\/wp\/v2\/pages\/32\/revisions\/545"}],"wp:attachment":[{"href":"https:\/\/pthal.fr\/index.php\/wp-json\/wp\/v2\/media?parent=32"}],"curies":[{"name":"wp","href":"https:\/\/api.w.org\/{rel}","templated":true}]}}