{"id":197,"date":"2019-03-05T12:55:15","date_gmt":"2019-03-05T11:55:15","guid":{"rendered":"http:\/\/pthal.fr\/?page_id=197"},"modified":"2019-03-08T13:29:52","modified_gmt":"2019-03-08T12:29:52","slug":"reinventons-vos-espaces","status":"publish","type":"page","link":"https:\/\/pthal.fr\/","title":{"rendered":""},"content":{"rendered":"\n<p style=\"font-size:15px\" class=\"has-text-color has-drop-cap has-luminous-vivid-amber-color\">R\u00e9inventons vos espaces<\/p>\n\n\n\n<p style=\"font-size:15px\"><br> de la d\u00e9coration d\u2019int\u00e9rieur,  vers de l&rsquo;am\u00e9nagement paysag\u00e9.   <\/p>\n\n\n\n<p>Vous r\u00eavez d\u2019un nouvel espace qui vous ressemble.  Vous h\u00e9sitez face aux multitudes de choix et de possibilit\u00e9s. <\/p>\n\n\n\n<p style=\"font-size:15px\" class=\"has-text-color has-luminous-vivid-amber-color\">Comment ne pas se tromper ?<\/p>\n\n\n\n<p style=\"font-size:15px\" class=\"has-drop-cap\">Je suis \u00e0 votre \u00e9coute pour vous guider dans votre projet.  D\u2019un simple conseil en d\u00e9coration \u00e0 l\u2019\u00e9tude d\u2019un projet finalis\u00e9  aupr\u00e8s d\u2019artisans s\u00e9lectionn\u00e9s.  <\/p>\n\n\n\n<p style=\"font-size:15px\" class=\"has-drop-cap\">Je saurai prendre en compte vos besoins et vos attentes pour permettre la r\u00e9alisation de vos envies,   <br>et pour le bonheur de trouver un lieu qui refl\u00e8te votre personnalit\u00e9,   <br>en toute confiance et s\u00e9r\u00e9nit\u00e9.  <\/p>\n\n\n\n<p style=\"font-size:15px\" class=\"has-text-color has-luminous-vivid-amber-color\">Pour que tout ce d\u00e9roule sans surprise, vous trouverez plus loin, quel est la tarification pour votre projet personnel.<\/p>\n\n\n\n<p><\/p>\n\n\n\n<p><strong><br><\/strong><\/p>\n\n\n\n<p style=\"font-size:15px;text-align:left\" class=\"has-text-color has-background has-very-light-gray-color has-very-dark-gray-background-color\">Zones d&rsquo;interventions : Is\u00e8re, Savoie, Ain, Haute- Savoie, Dr\u00f4me<\/p>\n","protected":false},"excerpt":{"rendered":"<p>R\u00e9inventons vos espaces de la d\u00e9coration d\u2019int\u00e9rieur, vers de l&rsquo;am\u00e9nagement paysag\u00e9. Vous r\u00eavez d\u2019un nouvel espace qui vous ressemble. Vous h\u00e9sitez face aux multitudes de choix et de possibilit\u00e9s. Comment ne pas se tromper ? Je suis \u00e0 votre \u00e9coute pour vous guider dans votre projet. D\u2019un simple conseil en d\u00e9coration \u00e0 l\u2019\u00e9tude d\u2019un projet [&hellip;]<\/p>\n","protected":false},"author":1,"featured_media":0,"parent":0,"menu_order":0,"comment_status":"closed","ping_status":"closed","template":"","meta":{"footnotes":""},"class_list":["post-197","page","type-page","status-publish","hentry"],"_links":{"self":[{"href":"https:\/\/pthal.fr\/index.php\/wp-json\/wp\/v2\/pages\/197","targetHints":{"allow":["GET"]}}],"collection":[{"href":"https:\/\/pthal.fr\/index.php\/wp-json\/wp\/v2\/pages"}],"about":[{"href":"https:\/\/pthal.fr\/index.php\/wp-json\/wp\/v2\/types\/page"}],"author":[{"embeddable":true,"href":"https:\/\/pthal.fr\/index.php\/wp-json\/wp\/v2\/users\/1"}],"replies":[{"embeddable":true,"href":"https:\/\/pthal.fr\/index.php\/wp-json\/wp\/v2\/comments?post=197"}],"version-history":[{"count":15,"href":"https:\/\/pthal.fr\/index.php\/wp-json\/wp\/v2\/pages\/197\/revisions"}],"predecessor-version":[{"id":442,"href":"https:\/\/pthal.fr\/index.php\/wp-json\/wp\/v2\/pages\/197\/revisions\/442"}],"wp:attachment":[{"href":"https:\/\/pthal.fr\/index.php\/wp-json\/wp\/v2\/media?parent=197"}],"curies":[{"name":"wp","href":"https:\/\/api.w.org\/{rel}","templated":true}]}}